






{"id":638,"date":"2022-05-29T12:51:11","date_gmt":"2022-05-29T10:51:11","guid":{"rendered":"https:\/\/www.weingut-nicklis.de\/weinshop\/?page_id=638"},"modified":"2022-10-20T16:17:38","modified_gmt":"2022-10-20T14:17:38","slug":"allergenhinweis","status":"publish","type":"page","link":"https:\/\/www.weingut-nicklis.de\/weinshop\/allergenhinweis\/","title":{"rendered":"Allergenhinweis"},"content":{"rendered":"<div class=\"wpb-content-wrapper\"><p>[vc_row css=&#8221;.vc_custom_1652952128432{margin-top: 0em !important;margin-bottom: 0em !important;padding-top: 0em !important;padding-bottom: 0em !important;}&#8221;][vc_column][vc_single_image image=&#8221;585&#8243; img_size=&#8221;full&#8221; css_animation=&#8221;none&#8221; lazy_loading=&#8221;true&#8221; css=&#8221;.vc_custom_1666275454793{margin-bottom: 0px !important;}&#8221;][\/vc_column][\/vc_row][vc_row full_width=&#8221;stretch_row_content_no_spaces&#8221; content_placement=&#8221;top&#8221; css=&#8221;.vc_custom_1652952518913{margin-top: 0em !important;margin-bottom: 0em !important;border-top-width: 1px !important;padding-top: 0em !important;border-top-color: #424e51 !important;border-top-style: solid !important;}&#8221;][vc_column css=&#8221;.vc_custom_1652952148779{margin-top: 0em !important;margin-bottom: 0em !important;padding-top: 0em !important;padding-bottom: 0em !important;}&#8221;][\/vc_column][\/vc_row][vc_row][vc_column][vc_column_text]<\/p>\n<h4 style=\"letter-spacing: 2px; text-align: center;\">Allergenhinweis<\/h4>\n<p>[\/vc_column_text][\/vc_column][\/vc_row][vc_row gap=&#8221;25&#8243; css=&#8221;.vc_custom_1653560438440{padding-bottom: 3em !important;}&#8221;][vc_column][vc_column_text]<strong>Alle unsere Weine und Sekte enthalten Sulfite.<\/strong><\/p>\n<p>Sulfite kommen \u2013 abgesehen von seltenen Ausnahmef\u00e4llen \u2013 grunds\u00e4tzlich in s\u00e4mtlichen Weinerzeugnissen vor, weil sie zum einen als Konservierungsstoffe eingesetzt werden, um nach Abf\u00fcllung die Nachg\u00e4hrung zu verhindern und den Wein mithin l\u00e4nger lager- und haltbar zu machen. Zum anderen aber weisen bereits gegorene, aus Trauben gewonnene Fl\u00fcssigkeiten stets auch einen nat\u00fcrlichen Sulfitgehalt auf.[\/vc_column_text][\/vc_column][\/vc_row][vc_row][vc_column][vc_single_image image=&#8221;74&#8243; img_size=&#8221;full&#8221; alignment=&#8221;center&#8221; css_animation=&#8221;none&#8221;][\/vc_column][\/vc_row][vc_row content_placement=&#8221;bottom&#8221; css=&#8221;.vc_custom_1653560447347{margin-bottom: 0px !important;padding-top: 0px !important;padding-bottom: 3em !important;background-image: url(https:\/\/www.weingut-nicklis.de\/weinshop\/wp-content\/uploads\/2022\/05\/linie-senkrecht.png?id=108) !important;background-position: 0 0 !important;background-repeat: repeat !important;}&#8221; el_class=&#8221;linie-buttom&#8221;][vc_column css=&#8221;.vc_custom_1652965195049{background-position: 0 0 !important;background-repeat: repeat !important;}&#8221;][\/vc_column][\/vc_row]<\/p>\n<\/div>","protected":false},"excerpt":{"rendered":"<p>[vc_row css=&#8221;.vc_custom_1652952128432{margin-top: 0em !important;margin-bottom: 0em !important;padding-top: 0em !important;padding-bottom: 0em !important;}&#8221;][vc_column][vc_single_image image=&#8221;585&#8243; img_size=&#8221;full&#8221; css_animation=&#8221;none&#8221; lazy_loading=&#8221;true&#8221; css=&#8221;.vc_custom_1666275454793{margin-bottom: 0px !important;}&#8221;][\/vc_column][\/vc_row][vc_row full_width=&#8221;stretch_row_content_no_spaces&#8221; content_placement=&#8221;top&#8221; css=&#8221;.vc_custom_1652952518913{margin-top: 0em !important;margin-bottom: 0em !important;border-top-width: 1px !important;padding-top: 0em !important;border-top-color: #424e51 !important;border-top-style: solid !important;}&#8221;][vc_column css=&#8221;.vc_custom_1652952148779{margin-top: 0em !important;margin-bottom: 0em !important;padding-top: 0em !important;padding-bottom: 0em !important;}&#8221;][\/vc_column][\/vc_row][vc_row][vc_column][vc_column_text] Allergenhinweis [\/vc_column_text][\/vc_column][\/vc_row][vc_row gap=&#8221;25&#8243; css=&#8221;.vc_custom_1653560438440{padding-bottom: 3em !important;}&#8221;][vc_column][vc_column_text]Alle unsere Weine und Sekte enthalten Sulfite. Sulfite kommen&hellip;<\/p>\n","protected":false},"author":1,"featured_media":0,"parent":0,"menu_order":0,"comment_status":"closed","ping_status":"open","template":"","meta":{"footnotes":""},"class_list":["post-638","page","type-page","status-publish","hentry","description-off"],"yoast_head":"<!-- This site is optimized with the Yoast SEO plugin v27.3 - https:\/\/yoast.com\/product\/yoast-seo-wordpress\/ -->\n<title>Allergenhinweis | Weinshop Nicklis Gleisweiler<\/title>\n<meta name=\"robots\" content=\"index, follow, max-snippet:-1, max-image-preview:large, max-video-preview:-1\" \/>\n<link rel=\"canonical\" href=\"https:\/\/www.weingut-nicklis.de\/weinshop\/allergenhinweis\/\" \/>\n<meta property=\"og:locale\" content=\"de_DE\" \/>\n<meta property=\"og:type\" content=\"article\" \/>\n<meta property=\"og:title\" content=\"Allergenhinweis | Weinshop Nicklis Gleisweiler\" \/>\n<meta property=\"og:description\" content=\"[vc_row css=&#8221;.vc_custom_1652952128432{margin-top: 0em !important;margin-bottom: 0em !important;padding-top: 0em !important;padding-bottom: 0em !important;}&#8221;][vc_column][vc_single_image image=&#8221;585&#8243; img_size=&#8221;full&#8221; css_animation=&#8221;none&#8221; lazy_loading=&#8221;true&#8221; css=&#8221;.vc_custom_1666275454793{margin-bottom: 0px !important;}&#8221;][\/vc_column][\/vc_row][vc_row full_width=&#8221;stretch_row_content_no_spaces&#8221; content_placement=&#8221;top&#8221; css=&#8221;.vc_custom_1652952518913{margin-top: 0em !important;margin-bottom: 0em !important;border-top-width: 1px !important;padding-top: 0em !important;border-top-color: #424e51 !important;border-top-style: solid !important;}&#8221;][vc_column css=&#8221;.vc_custom_1652952148779{margin-top: 0em !important;margin-bottom: 0em !important;padding-top: 0em !important;padding-bottom: 0em !important;}&#8221;][\/vc_column][\/vc_row][vc_row][vc_column][vc_column_text] Allergenhinweis [\/vc_column_text][\/vc_column][\/vc_row][vc_row gap=&#8221;25&#8243; css=&#8221;.vc_custom_1653560438440{padding-bottom: 3em !important;}&#8221;][vc_column][vc_column_text]Alle unsere Weine und Sekte enthalten Sulfite. Sulfite kommen&hellip;\" \/>\n<meta property=\"og:url\" content=\"https:\/\/www.weingut-nicklis.de\/weinshop\/allergenhinweis\/\" \/>\n<meta property=\"og:site_name\" content=\"Weinshop Nicklis Gleisweiler\" \/>\n<meta property=\"article:modified_time\" content=\"2022-10-20T14:17:38+00:00\" \/>\n<meta property=\"og:image\" content=\"https:\/\/www.weingut-nicklis.de\/weinshop\/wp-content\/uploads\/2023\/11\/weinshop-1200x675-1.jpg\" \/>\n\t<meta property=\"og:image:width\" content=\"1200\" \/>\n\t<meta property=\"og:image:height\" content=\"675\" \/>\n\t<meta property=\"og:image:type\" content=\"image\/jpeg\" \/>\n<meta name=\"twitter:card\" content=\"summary_large_image\" \/>\n<meta name=\"twitter:label1\" content=\"Gesch\u00e4tzte Lesezeit\" \/>\n\t<meta name=\"twitter:data1\" content=\"1\u00a0Minute\" \/>\n<!-- \/ Yoast SEO plugin. -->","yoast_head_json":{"title":"Allergenhinweis | Weinshop Nicklis Gleisweiler","robots":{"index":"index","follow":"follow","max-snippet":"max-snippet:-1","max-image-preview":"max-image-preview:large","max-video-preview":"max-video-preview:-1"},"canonical":"https:\/\/www.weingut-nicklis.de\/weinshop\/allergenhinweis\/","og_locale":"de_DE","og_type":"article","og_title":"Allergenhinweis | Weinshop Nicklis Gleisweiler","og_description":"[vc_row css=&#8221;.vc_custom_1652952128432{margin-top: 0em !important;margin-bottom: 0em !important;padding-top: 0em !important;padding-bottom: 0em !important;}&#8221;][vc_column][vc_single_image image=&#8221;585&#8243; img_size=&#8221;full&#8221; css_animation=&#8221;none&#8221; lazy_loading=&#8221;true&#8221; css=&#8221;.vc_custom_1666275454793{margin-bottom: 0px !important;}&#8221;][\/vc_column][\/vc_row][vc_row full_width=&#8221;stretch_row_content_no_spaces&#8221; content_placement=&#8221;top&#8221; css=&#8221;.vc_custom_1652952518913{margin-top: 0em !important;margin-bottom: 0em !important;border-top-width: 1px !important;padding-top: 0em !important;border-top-color: #424e51 !important;border-top-style: solid !important;}&#8221;][vc_column css=&#8221;.vc_custom_1652952148779{margin-top: 0em !important;margin-bottom: 0em !important;padding-top: 0em !important;padding-bottom: 0em !important;}&#8221;][\/vc_column][\/vc_row][vc_row][vc_column][vc_column_text] Allergenhinweis [\/vc_column_text][\/vc_column][\/vc_row][vc_row gap=&#8221;25&#8243; css=&#8221;.vc_custom_1653560438440{padding-bottom: 3em !important;}&#8221;][vc_column][vc_column_text]Alle unsere Weine und Sekte enthalten Sulfite. Sulfite kommen&hellip;","og_url":"https:\/\/www.weingut-nicklis.de\/weinshop\/allergenhinweis\/","og_site_name":"Weinshop Nicklis Gleisweiler","article_modified_time":"2022-10-20T14:17:38+00:00","og_image":[{"width":1200,"height":675,"url":"https:\/\/www.weingut-nicklis.de\/weinshop\/wp-content\/uploads\/2023\/11\/weinshop-1200x675-1.jpg","type":"image\/jpeg"}],"twitter_card":"summary_large_image","twitter_misc":{"Gesch\u00e4tzte Lesezeit":"1\u00a0Minute"},"schema":{"@context":"https:\/\/schema.org","@graph":[{"@type":"WebPage","@id":"https:\/\/www.weingut-nicklis.de\/weinshop\/allergenhinweis\/","url":"https:\/\/www.weingut-nicklis.de\/weinshop\/allergenhinweis\/","name":"Allergenhinweis | Weinshop Nicklis Gleisweiler","isPartOf":{"@id":"https:\/\/www.weingut-nicklis.de\/weinshop\/#website"},"datePublished":"2022-05-29T10:51:11+00:00","dateModified":"2022-10-20T14:17:38+00:00","breadcrumb":{"@id":"https:\/\/www.weingut-nicklis.de\/weinshop\/allergenhinweis\/#breadcrumb"},"inLanguage":"de","potentialAction":[{"@type":"ReadAction","target":["https:\/\/www.weingut-nicklis.de\/weinshop\/allergenhinweis\/"]}]},{"@type":"BreadcrumbList","@id":"https:\/\/www.weingut-nicklis.de\/weinshop\/allergenhinweis\/#breadcrumb","itemListElement":[{"@type":"ListItem","position":1,"name":"Startseite","item":"https:\/\/www.weingut-nicklis.de\/weinshop\/"},{"@type":"ListItem","position":2,"name":"Allergenhinweis"}]},{"@type":"WebSite","@id":"https:\/\/www.weingut-nicklis.de\/weinshop\/#website","url":"https:\/\/www.weingut-nicklis.de\/weinshop\/","name":"Weinshop Nicklis Gleisweiler","description":"Pf\u00e4lzer Weine und Sekte aus Gleisweiler online kaufen","publisher":{"@id":"https:\/\/www.weingut-nicklis.de\/weinshop\/#organization"},"alternateName":"Weingut Nicklis","potentialAction":[{"@type":"SearchAction","target":{"@type":"EntryPoint","urlTemplate":"https:\/\/www.weingut-nicklis.de\/weinshop\/?s={search_term_string}"},"query-input":{"@type":"PropertyValueSpecification","valueRequired":true,"valueName":"search_term_string"}}],"inLanguage":"de"},{"@type":"Organization","@id":"https:\/\/www.weingut-nicklis.de\/weinshop\/#organization","name":"Weingut Nicklis Gleisweiler","alternateName":"Weingut Nicklis","url":"https:\/\/www.weingut-nicklis.de\/weinshop\/","logo":{"@type":"ImageObject","inLanguage":"de","@id":"https:\/\/www.weingut-nicklis.de\/weinshop\/#\/schema\/logo\/image\/","url":"https:\/\/www.weingut-nicklis.de\/weinshop\/wp-content\/uploads\/2022\/05\/logo-nicklis-main.png","contentUrl":"https:\/\/www.weingut-nicklis.de\/weinshop\/wp-content\/uploads\/2022\/05\/logo-nicklis-main.png","width":245,"height":75,"caption":"Weingut Nicklis Gleisweiler"},"image":{"@id":"https:\/\/www.weingut-nicklis.de\/weinshop\/#\/schema\/logo\/image\/"},"sameAs":["https:\/\/www.instagram.com\/weingut.nicklis\/"]}]}},"publishpress_future_workflow_manual_trigger":{"enabledWorkflows":[]},"_links":{"self":[{"href":"https:\/\/www.weingut-nicklis.de\/weinshop\/wp-json\/wp\/v2\/pages\/638","targetHints":{"allow":["GET"]}}],"collection":[{"href":"https:\/\/www.weingut-nicklis.de\/weinshop\/wp-json\/wp\/v2\/pages"}],"about":[{"href":"https:\/\/www.weingut-nicklis.de\/weinshop\/wp-json\/wp\/v2\/types\/page"}],"author":[{"embeddable":true,"href":"https:\/\/www.weingut-nicklis.de\/weinshop\/wp-json\/wp\/v2\/users\/1"}],"replies":[{"embeddable":true,"href":"https:\/\/www.weingut-nicklis.de\/weinshop\/wp-json\/wp\/v2\/comments?post=638"}],"version-history":[{"count":0,"href":"https:\/\/www.weingut-nicklis.de\/weinshop\/wp-json\/wp\/v2\/pages\/638\/revisions"}],"wp:attachment":[{"href":"https:\/\/www.weingut-nicklis.de\/weinshop\/wp-json\/wp\/v2\/media?parent=638"}],"curies":[{"name":"wp","href":"https:\/\/api.w.org\/{rel}","templated":true}]}}